{"id":32536,"date":"2025-10-25T03:27:44","date_gmt":"2025-10-25T03:27:44","guid":{"rendered":"https:\/\/verdeymadera.com\/?page_id=32536"},"modified":"2026-01-27T11:17:22","modified_gmt":"2026-01-27T11:17:22","slug":"showroom-profesional","status":"publish","type":"page","link":"https:\/\/verdeymadera.com\/en\/showroom-profesional\/","title":{"rendered":"SHOWROOM"},"content":{"rendered":"<div data-elementor-type=\"wp-page\" data-elementor-id=\"32536\" class=\"elementor elementor-32536\" data-elementor-post-type=\"page\">\n\t\t\t\t<div class=\"elementor-element elementor-element-bb2c087 e-con-full thegem-e-con-layout-thegem e-flex e-con e-child\" data-id=\"bb2c087\" data-element_type=\"container\" data-e-type=\"container\" data-settings=\"{&quot;background_background&quot;:&quot;classic&quot;,&quot;thegem_container_layout&quot;:&quot;thegem&quot;}\">\r\n\t\t\t\t<div class=\"elementor-element elementor-element-7d11966 elementor-widget__width-initial flex-horizontal-align-default flex-horizontal-align-tablet-default flex-horizontal-align-mobile-default flex-vertical-align-default flex-vertical-align-tablet-default flex-vertical-align-mobile-default elementor-widget elementor-widget-icon-box\" data-id=\"7d11966\" data-element_type=\"widget\" data-e-type=\"widget\" data-widget_type=\"icon-box.default\">\n\t\t\t\t\t\t\t<div class=\"elementor-icon-box-wrapper\">\n\n\t\t\t\n\t\t\t\t\t\t<div class=\"elementor-icon-box-content\">\n\n\t\t\t\t\n\t\t\t\t\t\t\t\t\t<p class=\"elementor-icon-box-description\">\n\t\t\t\t\t\tTo facilitate the management and realization of your projects, we provide two meeting points in the main capitals:\t\t\t\t\t<\/p>\n\t\t\t\t\n\t\t\t<\/div>\n\t\t\t\n\t\t<\/div>\n\t\t\t\t\t\t<\/div>\n\t\t\t\t<\/div>\n\t\t<div class=\"elementor-element elementor-element-dc92647 thegem-e-con-layout-thegem e-flex e-con-boxed e-con e-child\" data-id=\"dc92647\" data-element_type=\"container\" data-e-type=\"container\" data-settings=\"{&quot;background_background&quot;:&quot;classic&quot;,&quot;thegem_container_layout&quot;:&quot;thegem&quot;}\">\r\n\t\t\t\t\t<div class=\"e-con-inner\">\r\n\t\t\t\t<div class=\"elementor-element elementor-element-76f08fd flex-horizontal-align-default flex-horizontal-align-tablet-default flex-horizontal-align-mobile-default flex-vertical-align-default flex-vertical-align-tablet-default flex-vertical-align-mobile-default elementor-widget elementor-widget-image\" data-id=\"76f08fd\" data-element_type=\"widget\" data-e-type=\"widget\" data-widget_type=\"image.default\">\n\t\t\t\t\t\t\t\t\t\t\t\t\t\t\t<img width=\"1024\" height=\"768\" src=\"https:\/\/verdeymadera.com\/wp-content\/uploads\/2025\/12\/10-1024x768.jpeg\" class=\"attachment-large size-large wp-image-34543\" alt=\"\" srcset=\"https:\/\/verdeymadera.com\/wp-content\/uploads\/2025\/12\/10-1024x768.jpeg 1024w, https:\/\/verdeymadera.com\/wp-content\/uploads\/2025\/12\/10-300x225.jpeg 300w, https:\/\/verdeymadera.com\/wp-content\/uploads\/2025\/12\/10-768x576.jpeg 768w, https:\/\/verdeymadera.com\/wp-content\/uploads\/2025\/12\/10-1536x1152.jpeg 1536w, https:\/\/verdeymadera.com\/wp-content\/uploads\/2025\/12\/10-2048x1536.jpeg 2048w, https:\/\/verdeymadera.com\/wp-content\/uploads\/2025\/12\/10-600x450.jpeg 600w\" sizes=\"(max-width: 1024px) 100vw, 1024px\" \/>\t\t\t\t\t\t\t\t\t\t\t\t\t\t\t<\/div>\n\t\t\t\t<div class=\"elementor-element elementor-element-0e670c9 flex-horizontal-align-default flex-horizontal-align-tablet-default flex-horizontal-align-mobile-default flex-vertical-align-default flex-vertical-align-tablet-default flex-vertical-align-mobile-default elementor-widget elementor-widget-icon-box\" data-id=\"0e670c9\" data-element_type=\"widget\" data-e-type=\"widget\" data-widget_type=\"icon-box.default\">\n\t\t\t\t\t\t\t<div class=\"elementor-icon-box-wrapper\">\n\n\t\t\t\n\t\t\t\t\t\t<div class=\"elementor-icon-box-content\">\n\n\t\t\t\t\t\t\t\t\t<h3 class=\"elementor-icon-box-title\">\n\t\t\t\t\t\t<span  >\n\t\t\t\t\t\t\tMain Showroom\t\t\t\t\t\t<\/span>\n\t\t\t\t\t<\/h3>\n\t\t\t\t\n\t\t\t\t\t\t\t\t\t<p class=\"elementor-icon-box-description\">\n\t\t\t\t\t\tBarcelona: Your workspace <br> <br>\nOur showroom in Barcelona is an exclusive working environment for architects and interior designers. It is the essential phase of the project: the place where design meets technical feasibility. Here, the excellence of our flooring and wall coverings can be examined and certified together with your clients, with the support of our technical team, so you can finalize your projects without distractions.\t\t\t\t\t<\/p>\n\t\t\t\t\n\t\t\t<\/div>\n\t\t\t\n\t\t<\/div>\n\t\t\t\t\t\t<\/div>\n\t\t\t\t\t<\/div>\n\t\t\t\t<\/div>\n\t\t<div class=\"elementor-element elementor-element-e715eb5 thegem-e-con-layout-thegem e-flex e-con-boxed e-con e-child\" data-id=\"e715eb5\" data-element_type=\"container\" data-e-type=\"container\" data-settings=\"{&quot;background_background&quot;:&quot;classic&quot;,&quot;thegem_container_layout&quot;:&quot;thegem&quot;}\">\r\n\t\t\t\t\t<div class=\"e-con-inner\">\r\n\t\t\t\t<div class=\"elementor-element elementor-element-7afefc4 flex-horizontal-align-default flex-horizontal-align-tablet-default flex-horizontal-align-mobile-default flex-vertical-align-default flex-vertical-align-tablet-default flex-vertical-align-mobile-default elementor-widget elementor-widget-icon-box\" data-id=\"7afefc4\" data-element_type=\"widget\" data-e-type=\"widget\" data-widget_type=\"icon-box.default\">\n\t\t\t\t\t\t\t<div class=\"elementor-icon-box-wrapper\">\n\n\t\t\t\n\t\t\t\t\t\t<div class=\"elementor-icon-box-content\">\n\n\t\t\t\t\t\t\t\t\t<h3 class=\"elementor-icon-box-title\">\n\t\t\t\t\t\t<span  >\n\t\t\t\t\t\t\tShowroom Partner\t\t\t\t\t\t<\/span>\n\t\t\t\t\t<\/h3>\n\t\t\t\t\n\t\t\t\t\t\t\t\t\t<p class=\"elementor-icon-box-description\">\n\t\t\t\t\t\tMadrid: consultation and display point <br> <br>\nIn addition to our project center in Barcelona, we facilitate product viewing in the capital. Visit our partner showroom in Madrid, a consultation point designed so you can see and touch the materials, and resolve any questions about quality and finishes firsthand.\t\t\t\t\t<\/p>\n\t\t\t\t\n\t\t\t<\/div>\n\t\t\t\n\t\t<\/div>\n\t\t\t\t\t\t<\/div>\n\t\t\t\t<div class=\"elementor-element elementor-element-f6f25ae flex-horizontal-align-default flex-horizontal-align-tablet-default flex-horizontal-align-mobile-default flex-vertical-align-default flex-vertical-align-tablet-default flex-vertical-align-mobile-default elementor-widget elementor-widget-image\" data-id=\"f6f25ae\" data-element_type=\"widget\" data-e-type=\"widget\" data-widget_type=\"image.default\">\n\t\t\t\t\t\t\t\t\t\t\t\t\t\t\t<img width=\"1024\" height=\"768\" src=\"https:\/\/verdeymadera.com\/wp-content\/uploads\/2025\/12\/SHOWROOM-2025-10-21-a-les-13.08.28_e2dbb933-1024x768.jpg\" class=\"attachment-large size-large wp-image-34477\" alt=\"\" srcset=\"https:\/\/verdeymadera.com\/wp-content\/uploads\/2025\/12\/SHOWROOM-2025-10-21-a-les-13.08.28_e2dbb933-1024x768.jpg 1024w, https:\/\/verdeymadera.com\/wp-content\/uploads\/2025\/12\/SHOWROOM-2025-10-21-a-les-13.08.28_e2dbb933-300x225.jpg 300w, https:\/\/verdeymadera.com\/wp-content\/uploads\/2025\/12\/SHOWROOM-2025-10-21-a-les-13.08.28_e2dbb933-768x576.jpg 768w, https:\/\/verdeymadera.com\/wp-content\/uploads\/2025\/12\/SHOWROOM-2025-10-21-a-les-13.08.28_e2dbb933-1536x1152.jpg 1536w, https:\/\/verdeymadera.com\/wp-content\/uploads\/2025\/12\/SHOWROOM-2025-10-21-a-les-13.08.28_e2dbb933-600x450.jpg 600w, https:\/\/verdeymadera.com\/wp-content\/uploads\/2025\/12\/SHOWROOM-2025-10-21-a-les-13.08.28_e2dbb933.jpg 1600w\" sizes=\"(max-width: 1024px) 100vw, 1024px\" \/>\t\t\t\t\t\t\t\t\t\t\t\t\t\t\t<\/div>\n\t\t\t\t\t<\/div>\n\t\t\t\t<\/div>\n\t\t<div class=\"elementor-element elementor-element-21e4d79 thegem-e-con-layout-thegem e-flex e-con-boxed e-con e-parent\" data-id=\"21e4d79\" data-element_type=\"container\" data-e-type=\"container\" data-settings=\"{&quot;thegem_container_layout&quot;:&quot;thegem&quot;}\">\r\n\t\t\t\t\t<div class=\"e-con-inner\">\r\n\t\t\t\t<div class=\"elementor-element elementor-element-c70a599 flex-horizontal-align-default flex-horizontal-align-tablet-default flex-horizontal-align-mobile-default flex-vertical-align-default flex-vertical-align-tablet-default flex-vertical-align-mobile-default elementor-widget elementor-widget-thegem-styledbutton\" data-id=\"c70a599\" data-element_type=\"widget\" data-e-type=\"widget\" data-settings=\"{&quot;thegem_button_skin&quot;:&quot;flat&quot;,&quot;add_icon&quot;:&quot;yes&quot;}\" data-widget_type=\"thegem-styledbutton.default\">\n\t\t\t\t<div class=\"elementor-widget-container\">\n\t\t\t\t\t\n<div class=\"gem-button-container gem-widget-button\">\n\n\t\t<a class=\"gem-button gem-button-size-tiny gem-button-text-weight-bold gem-button-style-flat\" href=\"https:\/\/verdeymadera.com\/en\/contacto\/\">\n\t\t<span class=\"gem-inner-wrapper-btn\">\n\t\t\t\t\t\t<span class=\"gem-text-button\">\n\t\t\t\tBook your personalized appointment\t\t\t<\/span>\n\t\t<\/span>\n\t<\/a>\n\n\t\n<\/div>\t\t\t\t<\/div>\n\t\t\t\t<\/div>\n\t\t\t\t\t<\/div>\n\t\t\t\t<\/div>\n\t\t\t\t<section class=\"elementor-section elementor-top-section elementor-element elementor-element-6d032cae elementor-section-boxed elementor-section-height-default elementor-section-height-default\" data-id=\"6d032cae\" data-element_type=\"section\" data-e-type=\"section\">\r\n\t\t\t\t\t\t<div class=\"elementor-container elementor-column-gap-thegem\"><div class=\"elementor-row\">\r\n\t\t\t\t\t<div class=\"elementor-column elementor-col-100 elementor-top-column elementor-element elementor-element-26db2a96\" data-id=\"26db2a96\" data-element_type=\"column\" data-e-type=\"column\">\n\t\t\t<div class=\"elementor-widget-wrap elementor-element-populated\">\n\t\t\t\t\t\t<div class=\"elementor-element elementor-element-dab4e0c flex-horizontal-align-default flex-horizontal-align-tablet-default flex-horizontal-align-mobile-default flex-vertical-align-default flex-vertical-align-tablet-default flex-vertical-align-mobile-default elementor-widget elementor-widget-thegem-gallery-grid\" data-id=\"dab4e0c\" data-element_type=\"widget\" data-e-type=\"widget\" data-settings=\"{&quot;thegem_elementor_preset&quot;:&quot;1&quot;,&quot;container_margin&quot;:{&quot;unit&quot;:&quot;px&quot;,&quot;size&quot;:11,&quot;sizes&quot;:[]},&quot;columns_desktop&quot;:&quot;3x&quot;,&quot;columns_tablet&quot;:&quot;2x&quot;,&quot;columns_mobile&quot;:&quot;1x&quot;,&quot;title_show&quot;:&quot;yes&quot;,&quot;description_show&quot;:&quot;yes&quot;,&quot;ajax_preloader_type&quot;:&quot;default&quot;,&quot;container_margin_tablet&quot;:{&quot;unit&quot;:&quot;px&quot;,&quot;size&quot;:&quot;&quot;,&quot;sizes&quot;:[]},&quot;container_margin_mobile&quot;:{&quot;unit&quot;:&quot;px&quot;,&quot;size&quot;:&quot;&quot;,&quot;sizes&quot;:[]}}\" data-widget_type=\"thegem-gallery-grid.default\">\n\t\t\t\t<div class=\"elementor-widget-container\">\n\t\t\t\t\t<div class=\"preloader save-space\"><div class=\"preloader-spin\"><\/div><\/div> <div class=\"gallery-preloader-wrapper\"> <div class=\"row\"> <div class=\"gem-gallery-grid gallery-style-metro hover-disabled metro metro-item-style-1 without-padding columns-3 columns-tablet-2 columns-mobile-1 full-image\" data-uid=\"dab4e0c\" data-hover=\"disabled\" data-filter=\"[]\"> <div class=\"portfolio not-fullwidth-block\"> <ul class=\"gallery-set clearfix\" data-max-row-height=\"359\"> <li class=\"gallery-item gallery-0 col-xs-12 col-sm-6 col-md-4 single-icon post-32536 page type-page status-publish has-post-thumbnail\" style=\"padding: calc(11px\/2); \"> <div class=\"wrap gem-wrapbox gem-wrapbox-style-1\"> <div class=\"overlay-wrap\"> <div class=\"image-wrap\"> <picture> <source srcset=\"https:\/\/verdeymadera.com\/wp-content\/uploads\/2025\/11\/01-1-scaled-thegem-portfolio-metro.jpg 1x\" sizes=\"100vw\"> <img src=\"https:\/\/verdeymadera.com\/wp-content\/uploads\/2025\/11\/01-1-scaled-thegem-portfolio-metro.jpg\" width=\"375\" height=\"500\" class=\"attachment-thegem-portfolio-metro\" alt=\"01\" \/> <\/picture> <\/div> <div class=\"overlay\"> <div class=\"overlay-circle\"><\/div> <a href=\"https:\/\/verdeymadera.com\/wp-content\/uploads\/2025\/11\/01-1-scaled.jpg\" class=\"gallery-item-link fancy-gallery\" data-fancybox=\"gallery-69f1d26553c98\" data-elementor-open-lightbox=\"no\" aria-label=\"Fullsize Image: 01\"> <span class=\"slide-info\"> <\/span> <\/a> <div class=\"overlay-content\"> <div class=\"overlay-content-center\"> <div class=\"overlay-content-inner\"> <\/div> <\/div> <\/div> <\/div> <\/div> <\/div> <\/li> <li class=\"gallery-item gallery-0 col-xs-12 col-sm-6 col-md-4 single-icon post-32536 page type-page status-publish has-post-thumbnail\" style=\"padding: calc(11px\/2); \"> <div class=\"wrap gem-wrapbox gem-wrapbox-style-1\"> <div class=\"overlay-wrap\"> <div class=\"image-wrap\"> <picture> <source srcset=\"https:\/\/verdeymadera.com\/wp-content\/uploads\/2025\/11\/04-scaled-thegem-portfolio-metro.jpg 1x\" sizes=\"100vw\"> <img src=\"https:\/\/verdeymadera.com\/wp-content\/uploads\/2025\/11\/04-scaled-thegem-portfolio-metro.jpg\" width=\"667\" height=\"500\" class=\"attachment-thegem-portfolio-metro\" alt=\"04\" \/> <\/picture> <\/div> <div class=\"overlay\"> <div class=\"overlay-circle\"><\/div> <a href=\"https:\/\/verdeymadera.com\/wp-content\/uploads\/2025\/11\/04-scaled.jpg\" class=\"gallery-item-link fancy-gallery\" data-fancybox=\"gallery-69f1d26553c98\" data-elementor-open-lightbox=\"no\" aria-label=\"Fullsize Image: 04\"> <span class=\"slide-info\"> <\/span> <\/a> <div class=\"overlay-content\"> <div class=\"overlay-content-center\"> <div class=\"overlay-content-inner\"> <\/div> <\/div> <\/div> <\/div> <\/div> <\/div> <\/li> <li class=\"gallery-item gallery-0 col-xs-12 col-sm-6 col-md-4 single-icon post-32536 page type-page status-publish has-post-thumbnail\" style=\"padding: calc(11px\/2); \"> <div class=\"wrap gem-wrapbox gem-wrapbox-style-1\"> <div class=\"overlay-wrap\"> <div class=\"image-wrap\"> <picture> <source srcset=\"https:\/\/verdeymadera.com\/wp-content\/uploads\/2025\/11\/05-scaled-thegem-portfolio-metro.jpg 1x\" sizes=\"100vw\"> <img src=\"https:\/\/verdeymadera.com\/wp-content\/uploads\/2025\/11\/05-scaled-thegem-portfolio-metro.jpg\" width=\"375\" height=\"500\" class=\"attachment-thegem-portfolio-metro\" alt=\"05\" \/> <\/picture> <\/div> <div class=\"overlay\"> <div class=\"overlay-circle\"><\/div> <a href=\"https:\/\/verdeymadera.com\/wp-content\/uploads\/2025\/11\/05-scaled.jpg\" class=\"gallery-item-link fancy-gallery\" data-fancybox=\"gallery-69f1d26553c98\" data-elementor-open-lightbox=\"no\" aria-label=\"Fullsize Image: 05\"> <span class=\"slide-info\"> <\/span> <\/a> <div class=\"overlay-content\"> <div class=\"overlay-content-center\"> <div class=\"overlay-content-inner\"> <\/div> <\/div> <\/div> <\/div> <\/div> <\/div> <\/li> <li class=\"gallery-item gallery-0 col-xs-12 col-sm-6 col-md-4 single-icon post-32536 page type-page status-publish has-post-thumbnail\" style=\"padding: calc(11px\/2); \"> <div class=\"wrap gem-wrapbox gem-wrapbox-style-1\"> <div class=\"overlay-wrap\"> <div class=\"image-wrap\"> <picture> <source srcset=\"https:\/\/verdeymadera.com\/wp-content\/uploads\/2025\/11\/02-scaled-thegem-portfolio-metro.jpg 1x\" sizes=\"100vw\"> <img src=\"https:\/\/verdeymadera.com\/wp-content\/uploads\/2025\/11\/02-scaled-thegem-portfolio-metro.jpg\" width=\"375\" height=\"500\" class=\"attachment-thegem-portfolio-metro\" alt=\"02\" \/> <\/picture> <\/div> <div class=\"overlay\"> <div class=\"overlay-circle\"><\/div> <a href=\"https:\/\/verdeymadera.com\/wp-content\/uploads\/2025\/11\/02-scaled.jpg\" class=\"gallery-item-link fancy-gallery\" data-fancybox=\"gallery-69f1d26553c98\" data-elementor-open-lightbox=\"no\" aria-label=\"Fullsize Image: 02\"> <span class=\"slide-info\"> <\/span> <\/a> <div class=\"overlay-content\"> <div class=\"overlay-content-center\"> <div class=\"overlay-content-inner\"> <\/div> <\/div> <\/div> <\/div> <\/div> <\/div> <\/li> <li class=\"gallery-item gallery-0 col-xs-12 col-sm-6 col-md-4 single-icon post-32536 page type-page status-publish has-post-thumbnail\" style=\"padding: calc(11px\/2); \"> <div class=\"wrap gem-wrapbox gem-wrapbox-style-1\"> <div class=\"overlay-wrap\"> <div class=\"image-wrap\"> <picture> <source srcset=\"https:\/\/verdeymadera.com\/wp-content\/uploads\/2025\/11\/06-scaled-thegem-portfolio-metro.jpg 1x\" sizes=\"100vw\"> <img src=\"https:\/\/verdeymadera.com\/wp-content\/uploads\/2025\/11\/06-scaled-thegem-portfolio-metro.jpg\" width=\"375\" height=\"500\" class=\"attachment-thegem-portfolio-metro\" alt=\"06\" \/> <\/picture> <\/div> <div class=\"overlay\"> <div class=\"overlay-circle\"><\/div> <a href=\"https:\/\/verdeymadera.com\/wp-content\/uploads\/2025\/11\/06-scaled.jpg\" class=\"gallery-item-link fancy-gallery\" data-fancybox=\"gallery-69f1d26553c98\" data-elementor-open-lightbox=\"no\" aria-label=\"Fullsize Image: 06\"> <span class=\"slide-info\"> <\/span> <\/a> <div class=\"overlay-content\"> <div class=\"overlay-content-center\"> <div class=\"overlay-content-inner\"> <\/div> <\/div> <\/div> <\/div> <\/div> <\/div> <\/li> <li class=\"gallery-item gallery-0 col-xs-12 col-sm-6 col-md-4 single-icon post-32536 page type-page status-publish has-post-thumbnail\" style=\"padding: calc(11px\/2); \"> <div class=\"wrap gem-wrapbox gem-wrapbox-style-1\"> <div class=\"overlay-wrap\"> <div class=\"image-wrap\"> <picture> <source srcset=\"https:\/\/verdeymadera.com\/wp-content\/uploads\/2025\/11\/08-1-thegem-portfolio-metro.jpg 1x\" sizes=\"100vw\"> <img src=\"https:\/\/verdeymadera.com\/wp-content\/uploads\/2025\/11\/08-1-thegem-portfolio-metro.jpg\" width=\"889\" height=\"500\" class=\"attachment-thegem-portfolio-metro\" alt=\"08\" \/> <\/picture> <\/div> <div class=\"overlay\"> <div class=\"overlay-circle\"><\/div> <a href=\"https:\/\/verdeymadera.com\/wp-content\/uploads\/2025\/11\/08-1.jpg\" class=\"gallery-item-link fancy-gallery\" data-fancybox=\"gallery-69f1d26553c98\" data-elementor-open-lightbox=\"no\" aria-label=\"Fullsize Image: 08\"> <span class=\"slide-info\"> <\/span> <\/a> <div class=\"overlay-content\"> <div class=\"overlay-content-center\"> <div class=\"overlay-content-inner\"> <\/div> <\/div> <\/div> <\/div> <\/div> <\/div> <\/li> <li class=\"gallery-item gallery-0 col-xs-12 col-sm-6 col-md-4 single-icon post-32536 page type-page status-publish has-post-thumbnail\" style=\"padding: calc(11px\/2); \"> <div class=\"wrap gem-wrapbox gem-wrapbox-style-1\"> <div class=\"overlay-wrap\"> <div class=\"image-wrap\"> <picture> <source srcset=\"https:\/\/verdeymadera.com\/wp-content\/uploads\/2025\/11\/09-scaled-thegem-portfolio-metro.jpg 1x\" sizes=\"100vw\"> <img src=\"https:\/\/verdeymadera.com\/wp-content\/uploads\/2025\/11\/09-scaled-thegem-portfolio-metro.jpg\" width=\"375\" height=\"500\" class=\"attachment-thegem-portfolio-metro\" alt=\"09\" \/> <\/picture> <\/div> <div class=\"overlay\"> <div class=\"overlay-circle\"><\/div> <a href=\"https:\/\/verdeymadera.com\/wp-content\/uploads\/2025\/11\/09-scaled.jpg\" class=\"gallery-item-link fancy-gallery\" data-fancybox=\"gallery-69f1d26553c98\" data-elementor-open-lightbox=\"no\" aria-label=\"Fullsize Image: 09\"> <span class=\"slide-info\"> <\/span> <\/a> <div class=\"overlay-content\"> <div class=\"overlay-content-center\"> <div class=\"overlay-content-inner\"> <\/div> <\/div> <\/div> <\/div> <\/div> <\/div> <\/li> <li class=\"gallery-item gallery-0 col-xs-12 col-sm-6 col-md-4 single-icon post-32536 page type-page status-publish has-post-thumbnail\" style=\"padding: calc(11px\/2); \"> <div class=\"wrap gem-wrapbox gem-wrapbox-style-1\"> <div class=\"overlay-wrap\"> <div class=\"image-wrap\"> <picture> <source srcset=\"https:\/\/verdeymadera.com\/wp-content\/uploads\/2025\/11\/10-scaled-thegem-portfolio-metro.jpg 1x\" sizes=\"100vw\"> <img src=\"https:\/\/verdeymadera.com\/wp-content\/uploads\/2025\/11\/10-scaled-thegem-portfolio-metro.jpg\" width=\"667\" height=\"500\" class=\"attachment-thegem-portfolio-metro\" alt=\"10\" \/> <\/picture> <\/div> <div class=\"overlay\"> <div class=\"overlay-circle\"><\/div> <a href=\"https:\/\/verdeymadera.com\/wp-content\/uploads\/2025\/11\/10-scaled.jpg\" class=\"gallery-item-link fancy-gallery\" data-fancybox=\"gallery-69f1d26553c98\" data-elementor-open-lightbox=\"no\" aria-label=\"Fullsize Image: 10\"> <span class=\"slide-info\"> <\/span> <\/a> <div class=\"overlay-content\"> <div class=\"overlay-content-center\"> <div class=\"overlay-content-inner\"> <\/div> <\/div> <\/div> <\/div> <\/div> <\/div> <\/li> <li class=\"gallery-item gallery-0 col-xs-12 col-sm-6 col-md-4 single-icon post-32536 page type-page status-publish has-post-thumbnail\" style=\"padding: calc(11px\/2); \"> <div class=\"wrap gem-wrapbox gem-wrapbox-style-1\"> <div class=\"overlay-wrap\"> <div class=\"image-wrap\"> <picture> <source srcset=\"https:\/\/verdeymadera.com\/wp-content\/uploads\/2025\/11\/08_1-scaled-thegem-portfolio-metro.jpg 1x\" sizes=\"100vw\"> <img src=\"https:\/\/verdeymadera.com\/wp-content\/uploads\/2025\/11\/08_1-scaled-thegem-portfolio-metro.jpg\" width=\"375\" height=\"500\" class=\"attachment-thegem-portfolio-metro\" alt=\"08_1\" \/> <\/picture> <\/div> <div class=\"overlay\"> <div class=\"overlay-circle\"><\/div> <a href=\"https:\/\/verdeymadera.com\/wp-content\/uploads\/2025\/11\/08_1-scaled.jpg\" class=\"gallery-item-link fancy-gallery\" data-fancybox=\"gallery-69f1d26553c98\" data-elementor-open-lightbox=\"no\" aria-label=\"Fullsize Image: 08_1\"> <span class=\"slide-info\"> <\/span> <\/a> <div class=\"overlay-content\"> <div class=\"overlay-content-center\"> <div class=\"overlay-content-inner\"> <\/div> <\/div> <\/div> <\/div> <\/div> <\/div> <\/li> <\/ul> <div class=\"portfolio-item-size-container\"> <li class=\"gallery-item size-item col-xs-12 col-sm-6 col-md-4 post-32536 page type-page status-publish has-post-thumbnail\" style=\"padding: calc(11px\/2); \"> <\/li> <\/div> <\/div> <\/div> <\/div> <\/div>\t\t\t\t<\/div>\n\t\t\t\t<\/div>\n\t\t\t\t\t<\/div>\n\t\t<\/div>\n\t\t\t\t\t<\/div><\/div>\r\n\t\t<\/section>\r\n\t\t\t\t<\/div>","protected":false},"excerpt":{"rendered":"<p>Para facilitar la gesti\u00f3n y la materializaci\u00f3n de sus proyectos, ponemos a su disposici\u00f3n dos puntos de encuentro en las&#8230;<\/p>","protected":false},"author":1,"featured_media":34481,"parent":0,"menu_order":0,"comment_status":"closed","ping_status":"closed","template":"page-fullwidth.php","meta":{"_acf_changed":false,"footnotes":""},"class_list":["post-32536","page","type-page","status-publish","has-post-thumbnail"],"acf":[],"_links":{"self":[{"href":"https:\/\/verdeymadera.com\/en\/wp-json\/wp\/v2\/pages\/32536","targetHints":{"allow":["GET"]}}],"collection":[{"href":"https:\/\/verdeymadera.com\/en\/wp-json\/wp\/v2\/pages"}],"about":[{"href":"https:\/\/verdeymadera.com\/en\/wp-json\/wp\/v2\/types\/page"}],"author":[{"embeddable":true,"href":"https:\/\/verdeymadera.com\/en\/wp-json\/wp\/v2\/users\/1"}],"replies":[{"embeddable":true,"href":"https:\/\/verdeymadera.com\/en\/wp-json\/wp\/v2\/comments?post=32536"}],"version-history":[{"count":98,"href":"https:\/\/verdeymadera.com\/en\/wp-json\/wp\/v2\/pages\/32536\/revisions"}],"predecessor-version":[{"id":35628,"href":"https:\/\/verdeymadera.com\/en\/wp-json\/wp\/v2\/pages\/32536\/revisions\/35628"}],"wp:featuredmedia":[{"embeddable":true,"href":"https:\/\/verdeymadera.com\/en\/wp-json\/wp\/v2\/media\/34481"}],"wp:attachment":[{"href":"https:\/\/verdeymadera.com\/en\/wp-json\/wp\/v2\/media?parent=32536"}],"curies":[{"name":"wp","href":"https:\/\/api.w.org\/{rel}","templated":true}]}}