{"id":594,"date":"2022-04-06T15:04:00","date_gmt":"2022-04-06T14:04:00","guid":{"rendered":"https:\/\/democontent.codex-themes.com\/sites-elementor-v5\/shop-medical-cannabis\/\/?page_id=594"},"modified":"2025-10-23T04:45:34","modified_gmt":"2025-10-23T04:45:34","slug":"blog","status":"publish","type":"page","link":"https:\/\/verdeymadera.com\/en\/blog\/","title":{"rendered":"Blog"},"content":{"rendered":"\t\t<div data-elementor-type=\"wp-page\" data-elementor-id=\"594\" class=\"elementor elementor-594\" data-elementor-post-type=\"page\">\n\t\t\t\t\t\t<section class=\"elementor-section elementor-top-section elementor-element elementor-element-3f7688b elementor-section-boxed elementor-section-height-default elementor-section-height-default\" data-id=\"3f7688b\" data-element_type=\"section\" data-e-type=\"section\">\r\n\t\t\t\t\t\t<div class=\"elementor-container elementor-column-gap-thegem\"><div class=\"elementor-row\">\r\n\t\t\t\t\t<div class=\"elementor-column elementor-col-100 elementor-top-column elementor-element elementor-element-0fd8a36\" data-id=\"0fd8a36\" data-element_type=\"column\" data-e-type=\"column\">\n\t\t\t<div class=\"elementor-widget-wrap elementor-element-populated\">\n\t\t\t\t\t\t<div class=\"elementor-element elementor-element-4954abb flex-horizontal-align-default flex-horizontal-align-tablet-default flex-horizontal-align-mobile-default flex-vertical-align-default flex-vertical-align-tablet-default flex-vertical-align-mobile-default elementor-widget elementor-widget-thegem-extended-blog-grid\" data-id=\"4954abb\" data-element_type=\"widget\" data-e-type=\"widget\" data-settings=\"{&quot;thegem_elementor_preset&quot;:&quot;new&quot;,&quot;columns&quot;:&quot;2x&quot;,&quot;categories&quot;:[&quot;0&quot;],&quot;caption_position&quot;:&quot;hover&quot;,&quot;pagination_type&quot;:&quot;more&quot;,&quot;more_button_text&quot;:&quot;Load More&quot;,&quot;more_show_separator&quot;:&quot;yes&quot;,&quot;loading_animation&quot;:&quot;yes&quot;,&quot;animation_effect&quot;:&quot;move-up&quot;,&quot;ignore_highlights&quot;:&quot;yes&quot;,&quot;image_gaps_mobile&quot;:{&quot;unit&quot;:&quot;px&quot;,&quot;size&quot;:21,&quot;sizes&quot;:[]},&quot;image_hover_effect&quot;:&quot;horizontal-sliding&quot;,&quot;by_text&quot;:&quot;By&quot;,&quot;pagination_more_button_type&quot;:&quot;outline&quot;,&quot;pagination_more_button_size&quot;:&quot;medium&quot;,&quot;more_icon&quot;:{&quot;value&quot;:&quot;&quot;,&quot;library&quot;:&quot;&quot;},&quot;additional_meta_click_behavior&quot;:&quot;filtering&quot;,&quot;portfolio_uid&quot;:&quot;4954abb&quot;,&quot;skin_source&quot;:&quot;default&quot;,&quot;layout&quot;:&quot;justified&quot;,&quot;columns_tablet&quot;:&quot;2x&quot;,&quot;columns_mobile&quot;:&quot;1x&quot;,&quot;image_size&quot;:&quot;default&quot;,&quot;image_ratio_default&quot;:{&quot;unit&quot;:&quot;px&quot;,&quot;size&quot;:&quot;&quot;,&quot;sizes&quot;:[]},&quot;query_type&quot;:&quot;post&quot;,&quot;source&quot;:[&quot;categories&quot;],&quot;exclude_blog_posts_type&quot;:&quot;manual&quot;,&quot;order_by&quot;:&quot;default&quot;,&quot;order&quot;:&quot;default&quot;,&quot;blog_show_title&quot;:&quot;yes&quot;,&quot;blog_show_description&quot;:&quot;yes&quot;,&quot;blog_show_date&quot;:&quot;yes&quot;,&quot;blog_show_categories&quot;:&quot;yes&quot;,&quot;additional_meta_type&quot;:&quot;taxonomies&quot;,&quot;additional_meta_taxonomies&quot;:&quot;category&quot;,&quot;blog_show_author&quot;:&quot;yes&quot;,&quot;filter_type&quot;:&quot;default&quot;,&quot;filter_style&quot;:&quot;buttons&quot;,&quot;search_by&quot;:&quot;content&quot;,&quot;filters_text_labels_clear_text&quot;:&quot;Clear Filters&quot;,&quot;not_found_text&quot;:&quot;No items were found matching your selection&quot;,&quot;items_per_page&quot;:8,&quot;show_pagination&quot;:&quot;yes&quot;,&quot;next_page_preloading&quot;:&quot;yes&quot;,&quot;ignore_sticky_posts&quot;:&quot;yes&quot;,&quot;ajax_preloader_type&quot;:&quot;default&quot;,&quot;image_gaps&quot;:{&quot;unit&quot;:&quot;px&quot;,&quot;size&quot;:42,&quot;sizes&quot;:[]},&quot;image_gaps_tablet&quot;:{&quot;unit&quot;:&quot;px&quot;,&quot;size&quot;:&quot;&quot;,&quot;sizes&quot;:[]},&quot;blog_title_preset&quot;:&quot;default&quot;,&quot;title_tag&quot;:&quot;div&quot;,&quot;blog_description_preset&quot;:&quot;default&quot;,&quot;caption_container_preset&quot;:&quot;transparent&quot;,&quot;sorting_extended_text&quot;:&quot;Default sorting&quot;,&quot;sorting_extended_dropdown_title_text&quot;:&quot;Sort by title (A-Z)&quot;,&quot;sorting_extended_dropdown_title_desc_text&quot;:&quot;Sort by title (Z-A)&quot;,&quot;sorting_extended_dropdown_latest_text&quot;:&quot;Sort by latest&quot;,&quot;sorting_extended_dropdown_oldest_text&quot;:&quot;Sort by oldest&quot;,&quot;pagination_more_button_icon_align&quot;:&quot;left&quot;,&quot;pagination_more_button_separator_style_active&quot;:&quot;gem-button-separator-type-single&quot;,&quot;readmore_button_type&quot;:&quot;outline&quot;,&quot;readmore_button_size&quot;:&quot;default&quot;}\" data-widget_type=\"thegem-extended-blog-grid.default\">\n\t\t\t\t<div class=\"elementor-widget-container\">\n\t\t\t\t\t\t\t\t<div class=\"portfolio-preloader-wrapper\">\n\n\t\t\t\t\n\t\t\t\t<div class=\"portfolio portfolio-grid extended-portfolio-grid news-grid no-padding portfolio-pagination-more portfolio-style-justified background-style-transparent hover-new-horizontal-sliding title-on-hover caption-position-hover version-new  loading-animation item-animation-move-up      columns-tablet-2 columns-mobile-1 hover-new-horizontal-sliding hover-title  columns-2 disable-isotope next-page-preloading           \" id=\"style-4954abb\" data-style-uid=\"4954abb\" data-portfolio-uid=\"4954abb\" data-current-page=\"1\" data-per-page=\"8\" data-next-page=\"0\" data-pages-count=\"1\" data-hover=\"new-horizontal-sliding\" data-portfolio-filter=\"[]\" data-portfolio-filter-attributes=\"null\" data-portfolio-filter-status=\"null\" data-portfolio-filter-price=\"null\" data-portfolio-filter-search=\"\">\n\t\t\t\t\t\n\t\t\t\t\t<div class=\"portfolio-row-outer \">\n\n\t\t\t\t\t\t\t\t\t\t\t\t\t\t\t\t\t\t\t\t\t\t\t<div class=\"portfolio-top-panel filter-type-default selected-only\">\n\t\t\t\t\t\t\t\t\t\t\t\t\t\t\t\t\t\t\t\t<div class=\"portfolio-top-panel-row filter-style-buttons\">\n\t\t\t\t\t\t\t\t\t\t\t\t\t\t\t\t\t\t\t\t\t\t\t<div class=\"portfolio-top-panel-left\"><div class=\"portfolio-filter-item portfolio-selected-filters  \">\n\t<div class=\"portfolio-selected-filter-item clear-filters\">\n\t\tClear Filters\t<\/div>\n\t<\/div>\t\t\t\t\t\t\t\t\t\t\t\t<\/div>\n\t\t\t\t\t\t\t\t\t\t\t\t\t\t\t\t\t\t\t\t\t\t\t\t\t\t\t\t\t\t\t\t\t\t<div class=\"portfolio-top-panel-right\">\n\t\t\t\t\t\t\t\t\t\t\t\t\t\n\t\t\t\t\t\t\t\t\t\t\t\t\t\t\t\t\t\t\t\t\t\t\t\t\t<\/div>\n\t\t\t\t\t\t\t\t\t\t\t\t\t\t\t\t\t\t\t\t\t<\/div>\n\t\t\t\t\t\t\t\t\t\t\t\t\t\t\t\t\t\t\t<\/div>\n\t\t\t\t\t\t\t\t\n\t\t\t\t\t\t\t\t<div class=\"row portfolio-row\">\n\t\t\t\t\t\t\t\t\t<div class=\"portfolio-set clearfix\"\n\t\t\t\t\t\t\t\t\t\t data-max-row-height=\"\">\n\t\t\t\t\t\t\t\t\t\t\t<div class=\"portfolio-item tendencias col-xs-12 col-sm-6 col-md-6 bigger item-animations-not-inited before-start appearance-type- post-616 post type-post status-publish format-standard has-post-thumbnail category-tendencias\" style=\"padding: calc(42px\/2)\" data-default-sort=\"0\" data-sort-date=\"1649258412\">\r\n\t\t\t\t\t\r\n\t\t\t<div class=\"wrap clearfix\">\r\n\t\t\t\t\t\t\t\t\t\t\t\t\t<div class=\"image post-616 post type-post status-publish format-standard has-post-thumbnail category-tendencias\">\r\n\t\t\t\t\t\t<div class=\"image-inner \">\r\n\r\n\t\t\t\t\t\t\t\t\t<picture>\n\t\t\t\t\t\t<img src=\"https:\/\/verdeymadera.com\/wp-content\/uploads\/2026\/04\/transparent-thegem-product-justified-square-xl.png\" width=\"700\" height=\"700\"  class=\"attachment-thegem-product-justified-square-xl\" alt=\"Tendencias en pavimentos 2025: dise\u00f1o, sostenibilidad y tecnolog\u00eda\" style=\"max-width: 110%\" \/>\n\t\t<\/picture>\n\t\t<div class=\"post-featured-content\"><a href=\"https:\/\/verdeymadera.com\/en\/tendencias-en-pavimentos-2025-diseno-sostenibilidad-y-tecnologia\/\">\t\t<picture>\n\t\t\t\t\t\t\t\t\t\t\t\t\t\t\t\t\t<source srcset=\"https:\/\/verdeymadera.com\/wp-content\/uploads\/2022\/04\/5-thegem-product-justified-square-xl.png 1x\"   sizes=\"100vw\">\n\t\t\t\t\t\t\t<img src=\"https:\/\/verdeymadera.com\/wp-content\/uploads\/2022\/04\/5-thegem-product-justified-square-xl.png\" width=\"700\" height=\"700\"  class=\"img-responsive\" alt=\"5\" \/>\n\t\t<\/picture>\n\t\t<\/a><\/div>\t\t\t\t\t\t<\/div>\r\n\r\n\t\t\t\t\t\t\t\t\t\t\t\t\t<div class=\"overlay\">\r\n\t\t\t\t\t\t\t\t<div class=\"overlay-circle\"><\/div>\r\n\r\n\t\t\t\t\t\t\t\t<div class=\"links-wrapper\">\r\n\t\t\t\t\t\t\t\t\t<div class=\"links\">\r\n\t\t\t\t\t\t\t\t\t\t<div class=\"caption\">\r\n\t\t\t\t\t\t\t\t\t\t\t<a href=\"https:\/\/verdeymadera.com\/en\/tendencias-en-pavimentos-2025-diseno-sostenibilidad-y-tecnologia\/\" class=\"portfolio-item-link\">\r\n\t\t\t\t\t\t\t\t\t\t\t\t<span class=\"screen-reader-text\">Tendencias en pavimentos 2025: dise\u00f1o, sostenibilidad y tecnolog\u00eda<\/span>\r\n\t\t\t\t\t\t\t\t\t\t\t<\/a>\r\n\r\n\t\t\t\t\t\t\t\t\t\t\t\t\t\t\t\t\t\t\t\t\t\t\t\r\n\t\t\t\t\t\t\t\t\t\t\t\t\t\t\t\t\t\t\t\t\t\t\t\r\n\t\t\t\t\t\t\t\t\t\t\t\r\n\t\t\t\t\t\t\t\t\t\t\t\t\t\t\t\t\t\t\t\t\t\t\t<div class=\"slide-content\">\r\n\t\t\t\t\t\t\t\t\t\t\t\t\t<div class=\"slide-content-visible\">\r\n\t\t\t\t\t\t\t\t\t\t\t\t\t\t\r\n\t\t\t\t\t\t\t\t\t\t\t\t\t\t\r\n\t\t\t\t\t\t\t\t\t\t\t\t\t\t\t\t\t\t\t\t\t\t\t\t\t\t\t\t\t\n\t\t<div class=\"author\">\n\t\t\t\t\t\t<span class=\"author-name\">By <a href=\"https:\/\/verdeymadera.com\" title=\"Visit admin&#8217;s website\" rel=\"author external\">admin<\/a><\/span>\n\t\t<\/div>\n\t\t\t\t\t\t\t\t\t\t\t\t\t\t\t\t\r\n\t\t\t\t\t\t\t\t\t\t\t\t\t\t\t\t\t\t\t\t\t\t\t\t\t\t\t\t\t<div class=\"title\">\r\n\t\t\t\t\t\t\t\t\t\t\t\t\t\t\t\t<span class=\"title-h5 \">Tendencias en pavimentos 2025: dise\u00f1o, sostenibilidad y tecnolog\u00eda<\/span>\t\t\t\t\t\t\t\t\t\t\t\t\t\t\t<\/div>\r\n\t\t\t\t\t\t\t\t\t\t\t\t\t\t\r\n\t\t\t\t\t\t\t\t\t\t\t\t\t\t\r\n\t\t\t\t\t\t\t\t\t\t\t\t\t\t\t\t\t\t\t\t\t\t\t\t\t\t\t<\/div>\r\n\r\n\t\t\t\t\t\t\t\t\t\t\t\t\t<div class=\"slide-content-hidden\">\r\n\t\t\t\t\t\t\t\t\t\t\t\t\t\t\r\n\t\t\t\t\t\t\t\t\t\t\t\t\t\t\r\n\t\t\t\t\t\t\t\t\t\t\t\t\t\t\t\t\t\t\t\t\t\t\t\t\t\t\t\t\t\t\t\t\t\t\t\t\t\t\t\t\t\t\t\t\t<div class=\"overlay-line\"><\/div>\r\n\t\t\t\t\t\t\t\t\t\t\t\t\t\t\t\t\t\t\t\t\t\t\t\t\t\t\t\t\t\r\n\t\t\t\t\t\t\t\t\t\t\t\t\t\t\t\t\t\t\t<div class=\"info\">\n\t\t\t\t<a class=\"additional-meta\" data-filter-type=\"taxonomies\" data-attr=\"category\" data-filter=\"tendencias\">Tendencias<\/a>\t\t\t\t\t<\/div>\n\t\t\t\t\r\n\t\t\t\t\t\t\t\t\t\t\t\t\t\t\t\t\t\t\t\t\t\t\t\t\t\t\t\t\t<div class=\"description\">\r\n\t\t\t\t\t\t\t\t\t\t\t\t\t\t\t\t<div class=\"subtitle\">\r\n\t\t\t\t\t\t\t\t\t\t\t\t\t\t\t\t\t<span class=\"text-body\"><p>Descubre las tendencias en pavimentos 2025: materiales sostenibles, dise\u00f1o natural y tecnolog\u00eda que transforma los espacios interiores.<\/p>\n<\/span>\r\n\t\t\t\t\t\t\t\t\t\t\t\t\t\t\t\t<\/div>\r\n\t\t\t\t\t\t\t\t\t\t\t\t\t\t\t<\/div>\r\n\t\t\t\t\t\t\t\t\t\t\t\t\t\t\r\n\t\t\t\t\t\t\t\t\t\t\t\t\t\t\r\n\t\t\t\t\t\t\t\t\t\t\t\t\t\t\r\n\t\t\t\t\t\t\t\t\t\t\t\t\t\t\t\t\t\t\t\t\t\t\t\t\t\t\t\t\t\t\t\t\t\t\t\t\t\t\t\t\t\t\t\t\t\t\t\t\t\t\t\t\t\t\t\t<\/div>\r\n\t\t\t\t\t\t\t\t\t\t\t\t<\/div>\r\n\r\n\t\t\t\t\t\t\t\t\t\t\t\t\r\n\t\t\t\t\t\t\t\t\t\t\t\t\r\n\t\t\t\t\t\t\t\t\t\t\t\t\t\t\t\t\t\t\t\t\t\t\t\t\t<div class=\"post-date\">April 6, 2022<\/div>\r\n\t\t\t\t\t\t\t\t\t\t\t\t\r\n\t\t\t\t\t\t\t\t\t\t\t\t\t\t\t\t\t\t\t\t\t<\/div>\r\n\t\t\t\t\t\t\t\t\t<\/div>\r\n\t\t\t\t\t\t\t\t<\/div>\r\n\t\t\t\t\t\t\t<\/div>\r\n\t\t\t\t\t\t\t\t\t\t\t<\/div>\r\n\t\t\t\t\r\n\t\t\t\t\t\t\t<\/div>\r\n\t\t\t\t<\/div>\r\n\t<div class=\"portfolio-item tendencias col-xs-12 col-sm-6 col-md-6 bigger item-animations-not-inited before-start appearance-type- post-614 post type-post status-publish format-standard has-post-thumbnail category-tendencias\" style=\"padding: calc(42px\/2)\" data-default-sort=\"0\" data-sort-date=\"1649258376\">\r\n\t\t\t\t\t\r\n\t\t\t<div class=\"wrap clearfix\">\r\n\t\t\t\t\t\t\t\t\t\t\t\t\t<div class=\"image post-614 post type-post status-publish format-standard has-post-thumbnail category-tendencias\">\r\n\t\t\t\t\t\t<div class=\"image-inner \">\r\n\r\n\t\t\t\t\t\t\t\t\t<picture>\n\t\t\t\t\t\t<img src=\"https:\/\/verdeymadera.com\/wp-content\/uploads\/2026\/04\/transparent-thegem-product-justified-square-xl.png\" width=\"700\" height=\"700\"  class=\"attachment-thegem-product-justified-square-xl\" alt=\"C\u00f3mo elegir el piso ideal para cada espacio\" style=\"max-width: 110%\" \/>\n\t\t<\/picture>\n\t\t<div class=\"post-featured-content\"><a href=\"https:\/\/verdeymadera.com\/en\/como-elegir-el-piso-ideal-para-cada-espacio\/\">\t\t<picture>\n\t\t\t\t\t\t\t\t\t\t\t\t\t\t\t\t\t<source srcset=\"https:\/\/verdeymadera.com\/wp-content\/uploads\/2022\/04\/home-floor-thegem-product-justified-square-xl.png 1x\"   sizes=\"100vw\">\n\t\t\t\t\t\t\t<img src=\"https:\/\/verdeymadera.com\/wp-content\/uploads\/2022\/04\/home-floor-thegem-product-justified-square-xl.png\" width=\"700\" height=\"700\"  class=\"img-responsive\" alt=\"home floor\" \/>\n\t\t<\/picture>\n\t\t<\/a><\/div>\t\t\t\t\t\t<\/div>\r\n\r\n\t\t\t\t\t\t\t\t\t\t\t\t\t<div class=\"overlay\">\r\n\t\t\t\t\t\t\t\t<div class=\"overlay-circle\"><\/div>\r\n\r\n\t\t\t\t\t\t\t\t<div class=\"links-wrapper\">\r\n\t\t\t\t\t\t\t\t\t<div class=\"links\">\r\n\t\t\t\t\t\t\t\t\t\t<div class=\"caption\">\r\n\t\t\t\t\t\t\t\t\t\t\t<a href=\"https:\/\/verdeymadera.com\/en\/como-elegir-el-piso-ideal-para-cada-espacio\/\" class=\"portfolio-item-link\">\r\n\t\t\t\t\t\t\t\t\t\t\t\t<span class=\"screen-reader-text\">C\u00f3mo elegir el piso ideal para cada espacio<\/span>\r\n\t\t\t\t\t\t\t\t\t\t\t<\/a>\r\n\r\n\t\t\t\t\t\t\t\t\t\t\t\t\t\t\t\t\t\t\t\t\t\t\t\r\n\t\t\t\t\t\t\t\t\t\t\t\t\t\t\t\t\t\t\t\t\t\t\t\r\n\t\t\t\t\t\t\t\t\t\t\t\r\n\t\t\t\t\t\t\t\t\t\t\t\t\t\t\t\t\t\t\t\t\t\t\t<div class=\"slide-content\">\r\n\t\t\t\t\t\t\t\t\t\t\t\t\t<div class=\"slide-content-visible\">\r\n\t\t\t\t\t\t\t\t\t\t\t\t\t\t\r\n\t\t\t\t\t\t\t\t\t\t\t\t\t\t\r\n\t\t\t\t\t\t\t\t\t\t\t\t\t\t\t\t\t\t\t\t\t\t\t\t\t\t\t\t\t\n\t\t<div class=\"author\">\n\t\t\t\t\t\t<span class=\"author-name\">By <a href=\"https:\/\/verdeymadera.com\" title=\"Visit admin&#8217;s website\" rel=\"author external\">admin<\/a><\/span>\n\t\t<\/div>\n\t\t\t\t\t\t\t\t\t\t\t\t\t\t\t\t\r\n\t\t\t\t\t\t\t\t\t\t\t\t\t\t\t\t\t\t\t\t\t\t\t\t\t\t\t\t\t<div class=\"title\">\r\n\t\t\t\t\t\t\t\t\t\t\t\t\t\t\t\t<span class=\"title-h5 \">C\u00f3mo elegir el piso ideal para cada espacio<\/span>\t\t\t\t\t\t\t\t\t\t\t\t\t\t\t<\/div>\r\n\t\t\t\t\t\t\t\t\t\t\t\t\t\t\r\n\t\t\t\t\t\t\t\t\t\t\t\t\t\t\r\n\t\t\t\t\t\t\t\t\t\t\t\t\t\t\t\t\t\t\t\t\t\t\t\t\t\t\t<\/div>\r\n\r\n\t\t\t\t\t\t\t\t\t\t\t\t\t<div class=\"slide-content-hidden\">\r\n\t\t\t\t\t\t\t\t\t\t\t\t\t\t\r\n\t\t\t\t\t\t\t\t\t\t\t\t\t\t\r\n\t\t\t\t\t\t\t\t\t\t\t\t\t\t\t\t\t\t\t\t\t\t\t\t\t\t\t\t\t\t\t\t\t\t\t\t\t\t\t\t\t\t\t\t\t<div class=\"overlay-line\"><\/div>\r\n\t\t\t\t\t\t\t\t\t\t\t\t\t\t\t\t\t\t\t\t\t\t\t\t\t\t\t\t\t\r\n\t\t\t\t\t\t\t\t\t\t\t\t\t\t\t\t\t\t\t<div class=\"info\">\n\t\t\t\t<a class=\"additional-meta\" data-filter-type=\"taxonomies\" data-attr=\"category\" data-filter=\"tendencias\">Tendencias<\/a>\t\t\t\t\t<\/div>\n\t\t\t\t\r\n\t\t\t\t\t\t\t\t\t\t\t\t\t\t\t\t\t\t\t\t\t\t\t\t\t\t\t\t\t<div class=\"description\">\r\n\t\t\t\t\t\t\t\t\t\t\t\t\t\t\t\t<div class=\"subtitle\">\r\n\t\t\t\t\t\t\t\t\t\t\t\t\t\t\t\t\t<span class=\"text-body\"><p>Descubre c\u00f3mo elegir el piso ideal seg\u00fan el tipo de espacio, uso y estilo. Gu\u00eda pr\u00e1ctica para profesionales del interiorismo y la construcci\u00f3n.<\/p>\n<\/span>\r\n\t\t\t\t\t\t\t\t\t\t\t\t\t\t\t\t<\/div>\r\n\t\t\t\t\t\t\t\t\t\t\t\t\t\t\t<\/div>\r\n\t\t\t\t\t\t\t\t\t\t\t\t\t\t\r\n\t\t\t\t\t\t\t\t\t\t\t\t\t\t\r\n\t\t\t\t\t\t\t\t\t\t\t\t\t\t\r\n\t\t\t\t\t\t\t\t\t\t\t\t\t\t\t\t\t\t\t\t\t\t\t\t\t\t\t\t\t\t\t\t\t\t\t\t\t\t\t\t\t\t\t\t\t\t\t\t\t\t\t\t\t\t\t\t<\/div>\r\n\t\t\t\t\t\t\t\t\t\t\t\t<\/div>\r\n\r\n\t\t\t\t\t\t\t\t\t\t\t\t\r\n\t\t\t\t\t\t\t\t\t\t\t\t\r\n\t\t\t\t\t\t\t\t\t\t\t\t\t\t\t\t\t\t\t\t\t\t\t\t\t<div class=\"post-date\">April 6, 2022<\/div>\r\n\t\t\t\t\t\t\t\t\t\t\t\t\r\n\t\t\t\t\t\t\t\t\t\t\t\t\t\t\t\t\t\t\t\t\t<\/div>\r\n\t\t\t\t\t\t\t\t\t<\/div>\r\n\t\t\t\t\t\t\t\t<\/div>\r\n\t\t\t\t\t\t\t<\/div>\r\n\t\t\t\t\t\t\t\t\t\t\t<\/div>\r\n\t\t\t\t\r\n\t\t\t\t\t\t\t<\/div>\r\n\t\t\t\t<\/div>\r\n\t\t\t\t\t\t\t\t\t<\/div><!-- .portflio-set -->\n\t\t\t\t\t\t\t\t\t\t\t\t\t\t\t\t\t\t\t<div class=\"portfolio-item-size-container\">\n\t\t\t\t\t\t\t\t\t\t\t\t<div class=\"portfolio-item col-xs-12 col-sm-6 col-md-6 bigger item-animations-not-inited before-start post-614 post type-post status-publish format-standard has-post-thumbnail category-tendencias\">\r\n\t\t\t<\/div>\r\n\t\t\t\t\t\t\t\t\t\t<\/div>\n\t\t\t\t\t\t\t\t\t\t\t\t\t\t\t\t\t<\/div><!-- .row-->\n\n\t\t\t\t\t\t\t\t\n\t\t\t\t\t\t\t\t\n\t\t\t\t\t<\/div><!-- .full-width -->\n\t\t\t\t<\/div><!-- .portfolio-->\n\t\t\t<\/div><!-- .portfolio-preloader-wrapper-->\n\t\t\t\t\t\t<\/div>\n\t\t\t\t<\/div>\n\t\t\t\t\t<\/div>\n\t\t<\/div>\n\t\t\t\t\t<\/div><\/div>\r\n\t\t<\/section>\r\n\t\t\t\t<\/div>\n\t\t","protected":false},"excerpt":{"rendered":"<p>By admin Health Products With Cannabis Blog Page Cannabis Lorem ipsum dolor sit ametcon sectetur adipisicing elit, sed doiusmod tempor&#8230;<\/p>","protected":false},"author":1,"featured_media":0,"parent":0,"menu_order":0,"comment_status":"closed","ping_status":"closed","template":"","meta":{"_acf_changed":false,"footnotes":""},"class_list":["post-594","page","type-page","status-publish"],"acf":[],"_links":{"self":[{"href":"https:\/\/verdeymadera.com\/en\/wp-json\/wp\/v2\/pages\/594","targetHints":{"allow":["GET"]}}],"collection":[{"href":"https:\/\/verdeymadera.com\/en\/wp-json\/wp\/v2\/pages"}],"about":[{"href":"https:\/\/verdeymadera.com\/en\/wp-json\/wp\/v2\/types\/page"}],"author":[{"embeddable":true,"href":"https:\/\/verdeymadera.com\/en\/wp-json\/wp\/v2\/users\/1"}],"replies":[{"embeddable":true,"href":"https:\/\/verdeymadera.com\/en\/wp-json\/wp\/v2\/comments?post=594"}],"version-history":[{"count":1,"href":"https:\/\/verdeymadera.com\/en\/wp-json\/wp\/v2\/pages\/594\/revisions"}],"predecessor-version":[{"id":2009,"href":"https:\/\/verdeymadera.com\/en\/wp-json\/wp\/v2\/pages\/594\/revisions\/2009"}],"wp:attachment":[{"href":"https:\/\/verdeymadera.com\/en\/wp-json\/wp\/v2\/media?parent=594"}],"curies":[{"name":"wp","href":"https:\/\/api.w.org\/{rel}","templated":true}]}}