{"id":1591,"date":"2025-10-14T03:11:11","date_gmt":"2025-10-14T03:11:11","guid":{"rendered":"https:\/\/verdeymadera.com\/producto\/parquet-vinyl-lima-plus\/"},"modified":"2025-12-04T05:04:52","modified_gmt":"2025-12-04T05:04:52","slug":"parquets-y-revestimientos-vinilicos-spc","status":"publish","type":"product","link":"https:\/\/verdeymadera.com\/en\/product\/parquets-y-revestimientos-vinilicos-spc\/","title":{"rendered":"PARQUETS Y REVESTIMIENTOS VIN\u00cdLICOS SPC"},"content":{"rendered":"<p>SPC: Global Strength. Limitless Aesthetics.<br \/>\nEl pavimento y el revestimiento de pared SPC (Stone Plastic Composite) son la soluci\u00f3n m\u00e1s robusta y tecnol\u00f3gicamente avanzada para cualquier espacio.<\/p>\n<p>D\u00eda tras d\u00eda, tanto el suelo como las paredes soportan un flujo constante de impactos, roces, derrames y movimientos inesperados. Es una realidad que exige una resistencia superior y sin fisuras.<\/p>\n<p>Gracias a su composici\u00f3n de vanguardia, el SPC extiende su promesa de m\u00e1xima durabilidad y resistencia a toda la envolvente de su espacio, neutralizando los efectos de estos imprevistos.<\/p>\n<p>SPC garantiza:<\/p>\n<p>M\u00e1xima Robustez para la vida real en suelos.<\/p>\n<p>Resistencia Est\u00e9tica impecable en paredes.<\/p>\n<p>Vida \u00datil Garantizada al mitigar el desgaste y la abrasi\u00f3n diarios.<\/p>\n<p>Transforme su espacio con una soluci\u00f3n integral que asegura una durabilidad excepcional a largo plazo, manteniendo una est\u00e9tica impecable.<\/p>","protected":false},"excerpt":{"rendered":"<p>La belleza de la madera, la comodidad del vinilo.<\/p>\n<p><a href=\"https:\/\/verdeymadera.com\/wp-content\/uploads\/2025\/10\/PARQUET-SPC-PARQUETVINYL.pdf\">PARQUET SPC PARQUETVINYL<\/a><\/p>\n<p><a href=\"https:\/\/verdeymadera.com\/wp-content\/uploads\/2025\/10\/PARQUET-SPC-VyM.pdf\">PARQUET SPC VyM<\/a><\/p>","protected":false},"featured_media":33792,"template":"","meta":{"_acf_changed":false},"product_brand":[],"product_cat":[68],"product_tag":[],"class_list":{"0":"post-1591","1":"product","2":"type-product","3":"status-publish","4":"has-post-thumbnail","6":"product_cat-parquets-y-revestimientos-vinilicos-spc","8":"first","9":"instock","10":"shipping-taxable","11":"purchasable","12":"product-type-simple"},"acf":[],"_links":{"self":[{"href":"https:\/\/verdeymadera.com\/en\/wp-json\/wp\/v2\/product\/1591","targetHints":{"allow":["GET"]}}],"collection":[{"href":"https:\/\/verdeymadera.com\/en\/wp-json\/wp\/v2\/product"}],"about":[{"href":"https:\/\/verdeymadera.com\/en\/wp-json\/wp\/v2\/types\/product"}],"version-history":[{"count":10,"href":"https:\/\/verdeymadera.com\/en\/wp-json\/wp\/v2\/product\/1591\/revisions"}],"predecessor-version":[{"id":34829,"href":"https:\/\/verdeymadera.com\/en\/wp-json\/wp\/v2\/product\/1591\/revisions\/34829"}],"wp:featuredmedia":[{"embeddable":true,"href":"https:\/\/verdeymadera.com\/en\/wp-json\/wp\/v2\/media\/33792"}],"wp:attachment":[{"href":"https:\/\/verdeymadera.com\/en\/wp-json\/wp\/v2\/media?parent=1591"}],"wp:term":[{"taxonomy":"product_brand","embeddable":true,"href":"https:\/\/verdeymadera.com\/en\/wp-json\/wp\/v2\/product_brand?post=1591"},{"taxonomy":"product_cat","embeddable":true,"href":"https:\/\/verdeymadera.com\/en\/wp-json\/wp\/v2\/product_cat?post=1591"},{"taxonomy":"product_tag","embeddable":true,"href":"https:\/\/verdeymadera.com\/en\/wp-json\/wp\/v2\/product_tag?post=1591"}],"curies":[{"name":"wp","href":"https:\/\/api.w.org\/{rel}","templated":true}]}}